{"id":1453,"date":"2020-04-30T11:12:41","date_gmt":"2020-04-30T11:12:41","guid":{"rendered":"http:\/\/vinedoslatrinidad.com\/?page_id=1453"},"modified":"2026-02-23T09:24:07","modified_gmt":"2026-02-23T08:24:07","slug":"contacto","status":"publish","type":"page","link":"http:\/\/vinedoslatrinidad.com\/en\/contacto\/","title":{"rendered":"Contacto"},"content":{"rendered":"<div data-elementor-type=\"wp-page\" data-elementor-id=\"1453\" class=\"elementor elementor-1453\">\n\t\t\t\t\t\t<section class=\"elementor-section elementor-top-section elementor-element elementor-element-69af4ea elementor-section-boxed elementor-section-height-default elementor-section-height-default sc_fly_static\" data-id=\"69af4ea\" data-element_type=\"section\" data-e-type=\"section\">\n\t\t\t\t\t\t<div class=\"elementor-container elementor-column-gap-extended\">\n\t\t\t\t\t<div class=\"elementor-column elementor-col-100 elementor-top-column elementor-element elementor-element-4b96f66 sc_content_align_inherit sc_layouts_column_icons_position_left sc_fly_static\" data-id=\"4b96f66\" data-element_type=\"column\" data-e-type=\"column\">\n\t\t\t<div class=\"elementor-widget-wrap elementor-element-populated\">\n\t\t\t\t\t\t<div class=\"elementor-element elementor-element-512024f sc_height_huge sc_fly_static elementor-widget elementor-widget-spacer\" data-id=\"512024f\" data-element_type=\"widget\" data-e-type=\"widget\" data-widget_type=\"spacer.default\">\n\t\t\t\t<div class=\"elementor-widget-container\">\n\t\t\t\t\t\t\t<div class=\"elementor-spacer\">\n\t\t\t<div class=\"elementor-spacer-inner\"><\/div>\n\t\t<\/div>\n\t\t\t\t\t\t<\/div>\n\t\t\t\t<\/div>\n\t\t\t\t\t<\/div>\n\t\t<\/div>\n\t\t\t\t\t<\/div>\n\t\t<\/section>\n\t\t\t\t<section class=\"elementor-section elementor-top-section elementor-element elementor-element-21007b6 elementor-section-stretched scheme_light elementor-section-boxed elementor-section-height-default elementor-section-height-default sc_fly_static\" data-id=\"21007b6\" data-element_type=\"section\" data-e-type=\"section\" data-settings=\"{&quot;stretch_section&quot;:&quot;section-stretched&quot;,&quot;background_background&quot;:&quot;classic&quot;}\">\n\t\t\t\t\t\t\t<div class=\"elementor-background-overlay\"><\/div>\n\t\t\t\t\t\t\t<div class=\"elementor-container elementor-column-gap-extended\">\n\t\t\t\t\t<div class=\"elementor-column elementor-col-100 elementor-top-column elementor-element elementor-element-cfe325e sc_content_align_inherit sc_layouts_column_icons_position_left sc_fly_static\" data-id=\"cfe325e\" data-element_type=\"column\" data-e-type=\"column\">\n\t\t\t<div class=\"elementor-widget-wrap elementor-element-populated\">\n\t\t\t\t\t\t<div class=\"elementor-element elementor-element-74ec3ce sc_fly_static elementor-widget elementor-widget-google_maps\" data-id=\"74ec3ce\" data-element_type=\"widget\" data-e-type=\"widget\" data-widget_type=\"google_maps.default\">\n\t\t\t\t<div class=\"elementor-widget-container\">\n\t\t\t\t\t\t\t<div class=\"elementor-custom-embed\">\n\t\t\t<iframe loading=\"lazy\"\n\t\t\t\t\tsrc=\"https:\/\/maps.google.com\/maps?q=Vi%C3%B1edos%20la%20trinidad&#038;t=m&#038;z=14&#038;output=embed&#038;iwloc=near\"\n\t\t\t\t\ttitle=\"Vi\u00f1edos la trinidad\"\n\t\t\t\t\taria-label=\"Vi\u00f1edos la trinidad\"\n\t\t\t><\/iframe>\n\t\t<\/div>\n\t\t\t\t\t\t<\/div>\n\t\t\t\t<\/div>\n\t\t\t\t<div class=\"elementor-element elementor-element-5a2bf65 sc_height_large sc_fly_static elementor-widget elementor-widget-spacer\" data-id=\"5a2bf65\" data-element_type=\"widget\" data-e-type=\"widget\" data-widget_type=\"spacer.default\">\n\t\t\t\t<div class=\"elementor-widget-container\">\n\t\t\t\t\t\t\t<div class=\"elementor-spacer\">\n\t\t\t<div class=\"elementor-spacer-inner\"><\/div>\n\t\t<\/div>\n\t\t\t\t\t\t<\/div>\n\t\t\t\t<\/div>\n\t\t\t\t<section class=\"elementor-section elementor-inner-section elementor-element elementor-element-154b1c3 elementor-section-boxed elementor-section-height-default elementor-section-height-default sc_fly_static\" data-id=\"154b1c3\" data-element_type=\"section\" data-e-type=\"section\">\n\t\t\t\t\t\t<div class=\"elementor-container elementor-column-gap-no\">\n\t\t\t\t\t<div class=\"elementor-column elementor-col-50 elementor-inner-column elementor-element elementor-element-2f48f13 sc_content_align_inherit sc_layouts_column_icons_position_left sc_fly_static\" data-id=\"2f48f13\" data-element_type=\"column\" data-e-type=\"column\">\n\t\t\t<div class=\"elementor-widget-wrap elementor-element-populated\">\n\t\t\t\t\t\t<div class=\"elementor-element elementor-element-9a9945c sc_layouts_hide_on_mobile sc_fly_static elementor-widget elementor-widget-spacer\" data-id=\"9a9945c\" data-element_type=\"widget\" data-e-type=\"widget\" data-widget_type=\"spacer.default\">\n\t\t\t\t<div class=\"elementor-widget-container\">\n\t\t\t\t\t\t\t<div class=\"elementor-spacer\">\n\t\t\t<div class=\"elementor-spacer-inner\"><\/div>\n\t\t<\/div>\n\t\t\t\t\t\t<\/div>\n\t\t\t\t<\/div>\n\t\t\t\t<div class=\"elementor-element elementor-element-a82c94e sc_fly_static elementor-widget elementor-widget-trx_sc_title\" data-id=\"a82c94e\" data-element_type=\"widget\" data-e-type=\"widget\" data-widget_type=\"trx_sc_title.default\">\n\t\t\t\t<div class=\"elementor-widget-container\">\n\t\t\t\t\t<div\t\tclass=\"sc_title sc_title_default\" ><span class=\"sc_item_subtitle sc_title_subtitle sc_item_subtitle_above sc_item_title_style_default\">Cont\u00e1ctanos<\/span><h1 class=\"sc_item_title sc_title_title sc_item_title_style_default sc_item_title_tag\"\n\t\t\t><span class=\"sc_item_title_text\">\u00bfTienes preguntas? \u00a1Cont\u00e1ctanos!<\/span><\/h1><\/div>\t\t\t\t<\/div>\n\t\t\t\t<\/div>\n\t\t\t\t<div class=\"elementor-element elementor-element-0594ee0 sc_fly_static elementor-widget elementor-widget-spacer\" data-id=\"0594ee0\" data-element_type=\"widget\" data-e-type=\"widget\" data-widget_type=\"spacer.default\">\n\t\t\t\t<div class=\"elementor-widget-container\">\n\t\t\t\t\t\t\t<div class=\"elementor-spacer\">\n\t\t\t<div class=\"elementor-spacer-inner\"><\/div>\n\t\t<\/div>\n\t\t\t\t\t\t<\/div>\n\t\t\t\t<\/div>\n\t\t\t\t<div class=\"elementor-element elementor-element-8741c3e sc_fly_static elementor-widget elementor-widget-spacer\" data-id=\"8741c3e\" data-element_type=\"widget\" data-e-type=\"widget\" data-widget_type=\"spacer.default\">\n\t\t\t\t<div class=\"elementor-widget-container\">\n\t\t\t\t\t\t\t<div class=\"elementor-spacer\">\n\t\t\t<div class=\"elementor-spacer-inner\"><\/div>\n\t\t<\/div>\n\t\t\t\t\t\t<\/div>\n\t\t\t\t<\/div>\n\t\t\t\t<div class=\"elementor-element elementor-element-8278c1d sc_fly_static elementor-widget elementor-widget-trx_sc_icons\" data-id=\"8278c1d\" data-element_type=\"widget\" data-e-type=\"widget\" data-widget_type=\"trx_sc_icons.default\">\n\t\t\t\t<div class=\"elementor-widget-container\">\n\t\t\t\t\t<div \tclass=\"sc_icons sc_icons_simple sc_icons_size_small sc_align_none\" ><div class=\"sc_icons_item with_more\"><div class=\"sc_icons_icon sc_icon_type_ icon-marker\" style=\"color: #719052\" ><span class=\"sc_icon_type_ icon-marker\" style=\"color: #719052\"><\/span><\/div><div class=\"sc_icons_item_details\"><div class=\"sc_icons_item_description\"><span>Carretera CA-3102,km. 3,6 <\/span><span>11407 Jerez de la Frontera<\/span><span>C\u00e1diz - Espa\u00f1a<\/span><\/div><\/div><\/div><div class=\"sc_icons_item with_more\"><div class=\"sc_icons_icon sc_icon_type_ icon-mail-empty\" style=\"color: #719052\" ><span class=\"sc_icon_type_ icon-mail-empty\" style=\"color: #719052\"><\/span><\/div><div class=\"sc_icons_item_details\"><div class=\"sc_icons_item_description\"><span><a href=\"mailto:info@vinedoslatrinidad.com\">info@vinedoslatrinidad.com<\/a><\/span><\/div><\/div><\/div><div class=\"sc_icons_item sc_icons_item_linked with_more\"><div class=\"sc_icons_icon sc_icon_type_ trx_addons_icon-telephone\" style=\"color: #719052\" ><span class=\"sc_icon_type_ trx_addons_icon-telephone\" style=\"color: #719052\"><\/span><\/div><div class=\"sc_icons_item_details\"><a href=\"tel:956185318\" class=\"sc_icons_item_more_link\">\n                        <span class=\"link_text\">+34 956185318<\/span><span class=\"link_icon\"><\/span>\n                        <\/a><a href=\"tel:956185318\"\n                        class=\"sc_icons_item_link\">\n                        <\/a><\/div><\/div><\/div><!-- \/.sc_icons -->\t\t\t\t<\/div>\n\t\t\t\t<\/div>\n\t\t\t\t<div class=\"elementor-element elementor-element-04cc8a1 sc_fly_static elementor-widget elementor-widget-spacer\" data-id=\"04cc8a1\" data-element_type=\"widget\" data-e-type=\"widget\" data-widget_type=\"spacer.default\">\n\t\t\t\t<div class=\"elementor-widget-container\">\n\t\t\t\t\t\t\t<div class=\"elementor-spacer\">\n\t\t\t<div class=\"elementor-spacer-inner\"><\/div>\n\t\t<\/div>\n\t\t\t\t\t\t<\/div>\n\t\t\t\t<\/div>\n\t\t\t\t\t<\/div>\n\t\t<\/div>\n\t\t\t\t<div class=\"elementor-column elementor-col-50 elementor-inner-column elementor-element elementor-element-6f51ef1 sc_content_align_inherit sc_layouts_column_icons_position_left sc_fly_static\" data-id=\"6f51ef1\" data-element_type=\"column\" data-e-type=\"column\">\n\t\t\t<div class=\"elementor-widget-wrap elementor-element-populated\">\n\t\t\t\t\t\t<div class=\"elementor-element elementor-element-7317bac sc_fly_static elementor-widget elementor-widget-trx_sc_contact_form_7\" data-id=\"7317bac\" data-element_type=\"widget\" data-e-type=\"widget\" data-widget_type=\"trx_sc_contact_form_7.default\">\n\t\t\t\t<div class=\"elementor-widget-container\">\n\t\t\t\t\t\n<div class=\"wpcf7 no-js\" id=\"wpcf7-f1413-o1\" lang=\"en-US\" dir=\"ltr\" data-wpcf7-id=\"1413\">\n<div class=\"screen-reader-response\"><p role=\"status\" aria-live=\"polite\" aria-atomic=\"true\"><\/p> <ul><\/ul><\/div>\n<form action=\"\/en\/wp-json\/wp\/v2\/pages\/1453#wpcf7-f1413-o1\" method=\"post\" class=\"wpcf7-form init\" aria-label=\"Contact form\" novalidate=\"novalidate\" data-status=\"init\" data-trp-original-action=\"\/en\/wp-json\/wp\/v2\/pages\/1453#wpcf7-f1413-o1\">\n<fieldset class=\"hidden-fields-container\"><input type=\"hidden\" name=\"_wpcf7\" value=\"1413\" \/><input type=\"hidden\" name=\"_wpcf7_version\" value=\"6.1.4\" \/><input type=\"hidden\" name=\"_wpcf7_locale\" value=\"en_US\" \/><input type=\"hidden\" name=\"_wpcf7_unit_tag\" value=\"wpcf7-f1413-o1\" \/><input type=\"hidden\" name=\"_wpcf7_container_post\" value=\"0\" \/><input type=\"hidden\" name=\"_wpcf7_posted_data_hash\" value=\"\" \/><input type=\"hidden\" name=\"_wpcf7_recaptcha_response\" value=\"\" \/>\n<\/fieldset>\n<div class=\"form-style-7\">\n\t<div class=\"columns_wrap\">\n\t\t<div class=\"column-1_1\">\n\t\t\t<p><span class=\"style-line icon-name\"><span class=\"wpcf7-form-control-wrap\" data-name=\"your-name\"><input size=\"40\" maxlength=\"400\" class=\"wpcf7-form-control wpcf7-text wpcf7-validates-as-required\" aria-required=\"true\" aria-invalid=\"false\" placeholder=\"Nombre\" value=\"\" type=\"text\" name=\"your-name\" \/><\/span><\/span>\n\t\t\t<\/p>\n\t\t<\/div>\n\t\t<div class=\"column-1_1\">\n\t\t\t<p><span class=\"style-line icon-phone\"><span class=\"wpcf7-form-control-wrap\" data-name=\"phone\"><input size=\"40\" maxlength=\"400\" class=\"wpcf7-form-control wpcf7-tel wpcf7-validates-as-required wpcf7-text wpcf7-validates-as-tel\" aria-required=\"true\" aria-invalid=\"false\" placeholder=\"Tel\u00e9fono\" value=\"\" type=\"tel\" name=\"phone\" \/><\/span><\/span>\n\t\t\t<\/p>\n\t\t<\/div>\n\t\t<div class=\"column-1_1\">\n\t\t\t<p><span class=\"style-line icon-email\"><span class=\"wpcf7-form-control-wrap\" data-name=\"your-email\"><input size=\"40\" maxlength=\"400\" class=\"wpcf7-form-control wpcf7-email wpcf7-validates-as-required wpcf7-text wpcf7-validates-as-email\" aria-required=\"true\" aria-invalid=\"false\" placeholder=\"Email\" value=\"\" type=\"email\" name=\"your-email\" \/><\/span><\/span>\n\t\t\t<\/p>\n\t\t<\/div>\n\t\t<div class=\"column-1_1\">\n\t\t\t<p><span class=\"style-line icon-subject\"><span class=\"wpcf7-form-control-wrap\" data-name=\"subject\"><input size=\"40\" maxlength=\"400\" class=\"wpcf7-form-control wpcf7-text wpcf7-validates-as-required\" aria-required=\"true\" aria-invalid=\"false\" placeholder=\"Asunto\" value=\"\" type=\"text\" name=\"subject\" \/><\/span><\/span>\n\t\t\t<\/p>\n\t\t<\/div>\n\t<\/div>\n\t<div class=\"columns_wrap margin-bottom\">\n\t\t<div class=\"column-1_1\">\n\t\t\t<p><span class=\"style-line icon-textarea\"><span class=\"wpcf7-form-control-wrap\" data-name=\"your-message\"><textarea cols=\"40\" rows=\"10\" maxlength=\"2000\" class=\"wpcf7-form-control wpcf7-textarea wpcf7-validates-as-required\" aria-required=\"true\" aria-invalid=\"false\" placeholder=\"\u00bfC\u00f3mo podemos ayudarte? No dudes en contactarnos!\" name=\"your-message\"><\/textarea><\/span><\/span>\n\t\t\t<\/p>\n\t\t<\/div>\n\t<\/div>\n\t<p><input class=\"wpcf7-form-control wpcf7-submit has-spinner\" type=\"submit\" value=\"Enviar\" \/>\n\t<\/p>\n<\/div><p style=\"display: none !important;\" class=\"akismet-fields-container\" data-prefix=\"_wpcf7_ak_\"><label>&#916;<textarea name=\"_wpcf7_ak_hp_textarea\" cols=\"45\" rows=\"8\" maxlength=\"100\"><\/textarea><\/label><input type=\"hidden\" id=\"ak_js_1\" name=\"_wpcf7_ak_js\" value=\"223\"\/><script>document.getElementById( \"ak_js_1\" ).setAttribute( \"value\", ( new Date() ).getTime() );<\/script><\/p><div class=\"wpcf7-response-output\" aria-hidden=\"true\"><\/div>\n<input type=\"hidden\" name=\"trp-form-language\" value=\"en\"\/><\/form>\n<\/div>\n\t\t\t\t<\/div>\n\t\t\t\t<\/div>\n\t\t\t\t\t<\/div>\n\t\t<\/div>\n\t\t\t\t\t<\/div>\n\t\t<\/section>\n\t\t\t\t<div class=\"elementor-element elementor-element-53ac9d7 sc_fly_static elementor-widget elementor-widget-spacer\" data-id=\"53ac9d7\" data-element_type=\"widget\" data-e-type=\"widget\" data-widget_type=\"spacer.default\">\n\t\t\t\t<div class=\"elementor-widget-container\">\n\t\t\t\t\t\t\t<div class=\"elementor-spacer\">\n\t\t\t<div class=\"elementor-spacer-inner\"><\/div>\n\t\t<\/div>\n\t\t\t\t\t\t<\/div>\n\t\t\t\t<\/div>\n\t\t\t\t\t<\/div>\n\t\t<\/div>\n\t\t\t\t\t<\/div>\n\t\t<\/section>\n\t\t\t\t<section class=\"elementor-section elementor-top-section elementor-element elementor-element-0d4040e elementor-section-boxed elementor-section-height-default elementor-section-height-default sc_fly_static\" data-id=\"0d4040e\" data-element_type=\"section\" data-e-type=\"section\">\n\t\t\t\t\t\t<div class=\"elementor-container elementor-column-gap-extended\">\n\t\t\t\t\t<div class=\"elementor-column elementor-col-100 elementor-top-column elementor-element elementor-element-71f2c3f sc_content_align_inherit sc_layouts_column_icons_position_left sc_fly_static\" data-id=\"71f2c3f\" data-element_type=\"column\" data-e-type=\"column\">\n\t\t\t<div class=\"elementor-widget-wrap elementor-element-populated\">\n\t\t\t\t\t\t<div class=\"elementor-element elementor-element-f0b0024 sc_height_huge sc_fly_static elementor-widget elementor-widget-spacer\" data-id=\"f0b0024\" data-element_type=\"widget\" data-e-type=\"widget\" data-widget_type=\"spacer.default\">\n\t\t\t\t<div class=\"elementor-widget-container\">\n\t\t\t\t\t\t\t<div class=\"elementor-spacer\">\n\t\t\t<div class=\"elementor-spacer-inner\"><\/div>\n\t\t<\/div>\n\t\t\t\t\t\t<\/div>\n\t\t\t\t<\/div>\n\t\t\t\t\t<\/div>\n\t\t<\/div>\n\t\t\t\t\t<\/div>\n\t\t<\/section>\n\t\t\t\t<\/div>","protected":false},"excerpt":{"rendered":"<p>Cont\u00e1ctanos \u00bfTienes preguntas? \u00a1Cont\u00e1ctanos! Carretera CA-3102,km. 3,6 11407 Jerez de la FronteraC\u00e1diz &#8211; Espa\u00f1ainfo@vinedoslatrinidad.com +34 956185318 &#916;<\/p>","protected":false},"author":1,"featured_media":21320,"parent":0,"menu_order":0,"comment_status":"closed","ping_status":"closed","template":"","meta":{"footnotes":""},"class_list":["post-1453","page","type-page","status-publish","has-post-thumbnail","hentry"],"yoast_head":"<!-- This site is optimized with the Yoast SEO plugin v26.9 - https:\/\/yoast.com\/product\/yoast-seo-wordpress\/ -->\n<title>Contacto - Vi\u00f1edos La Trinidad<\/title>\n<meta name=\"description\" content=\"\u00bfTienes preguntas? \u00a1Cont\u00e1ctanos! Carretera CA-3102,km. 3,611407 Jerez de la Frontera C\u00e1diz - Espa\u00f1a - info@vinedoslatrinidad.com - 956185318\" \/>\n<meta name=\"robots\" content=\"index, follow, max-snippet:-1, max-image-preview:large, max-video-preview:-1\" \/>\n<link rel=\"canonical\" href=\"https:\/\/vinedoslatrinidad.com\/en\/contacto\/\" \/>\n<meta property=\"og:locale\" content=\"en_US\" \/>\n<meta property=\"og:type\" content=\"article\" \/>\n<meta property=\"og:title\" content=\"Contacto - Vi\u00f1edos La Trinidad\" \/>\n<meta property=\"og:description\" content=\"\u00bfTienes preguntas? \u00a1Cont\u00e1ctanos! Carretera CA-3102,km. 3,611407 Jerez de la Frontera C\u00e1diz - Espa\u00f1a - info@vinedoslatrinidad.com - 956185318\" \/>\n<meta property=\"og:url\" content=\"https:\/\/vinedoslatrinidad.com\/en\/contacto\/\" \/>\n<meta property=\"og:site_name\" content=\"Vi\u00f1edos La Trinidad\" \/>\n<meta property=\"article:modified_time\" content=\"2026-02-23T08:24:07+00:00\" \/>\n<meta property=\"og:image\" content=\"https:\/\/vinedoslatrinidad.com\/wp-content\/uploads\/2021\/11\/image-133-copyright.jpg\" \/>\n\t<meta property=\"og:image:width\" content=\"1920\" \/>\n\t<meta property=\"og:image:height\" content=\"1920\" \/>\n\t<meta property=\"og:image:type\" content=\"image\/jpeg\" \/>\n<meta name=\"twitter:card\" content=\"summary_large_image\" \/>\n<meta name=\"twitter:label1\" content=\"Est. reading time\" \/>\n\t<meta name=\"twitter:data1\" content=\"1 minute\" \/>\n<script type=\"application\/ld+json\" class=\"yoast-schema-graph\">{\"@context\":\"https:\/\/schema.org\",\"@graph\":[{\"@type\":\"WebPage\",\"@id\":\"https:\/\/vinedoslatrinidad.com\/contacto\/\",\"url\":\"https:\/\/vinedoslatrinidad.com\/contacto\/\",\"name\":\"Contacto - Vi\u00f1edos La Trinidad\",\"isPartOf\":{\"@id\":\"https:\/\/vinedoslatrinidad.com\/#website\"},\"primaryImageOfPage\":{\"@id\":\"https:\/\/vinedoslatrinidad.com\/contacto\/#primaryimage\"},\"image\":{\"@id\":\"https:\/\/vinedoslatrinidad.com\/contacto\/#primaryimage\"},\"thumbnailUrl\":\"https:\/\/vinedoslatrinidad.com\/wp-content\/uploads\/2021\/11\/image-133-copyright.jpg\",\"datePublished\":\"2020-04-30T11:12:41+00:00\",\"dateModified\":\"2026-02-23T08:24:07+00:00\",\"description\":\"\u00bfTienes preguntas? \u00a1Cont\u00e1ctanos! Carretera CA-3102,km. 3,611407 Jerez de la Frontera C\u00e1diz - Espa\u00f1a - info@vinedoslatrinidad.com - 956185318\",\"breadcrumb\":{\"@id\":\"https:\/\/vinedoslatrinidad.com\/contacto\/#breadcrumb\"},\"inLanguage\":\"en-US\",\"potentialAction\":[{\"@type\":\"ReadAction\",\"target\":[\"https:\/\/vinedoslatrinidad.com\/contacto\/\"]}]},{\"@type\":\"ImageObject\",\"inLanguage\":\"en-US\",\"@id\":\"https:\/\/vinedoslatrinidad.com\/contacto\/#primaryimage\",\"url\":\"https:\/\/vinedoslatrinidad.com\/wp-content\/uploads\/2021\/11\/image-133-copyright.jpg\",\"contentUrl\":\"https:\/\/vinedoslatrinidad.com\/wp-content\/uploads\/2021\/11\/image-133-copyright.jpg\",\"width\":1920,\"height\":1920},{\"@type\":\"BreadcrumbList\",\"@id\":\"https:\/\/vinedoslatrinidad.com\/contacto\/#breadcrumb\",\"itemListElement\":[{\"@type\":\"ListItem\",\"position\":1,\"name\":\"Portada\",\"item\":\"https:\/\/vinedoslatrinidad.com\/\"},{\"@type\":\"ListItem\",\"position\":2,\"name\":\"Contacto\"}]},{\"@type\":\"WebSite\",\"@id\":\"https:\/\/vinedoslatrinidad.com\/#website\",\"url\":\"https:\/\/vinedoslatrinidad.com\/\",\"name\":\"Vi\u00f1edos La Trinidad\",\"description\":\"\",\"publisher\":{\"@id\":\"https:\/\/vinedoslatrinidad.com\/#organization\"},\"potentialAction\":[{\"@type\":\"SearchAction\",\"target\":{\"@type\":\"EntryPoint\",\"urlTemplate\":\"https:\/\/vinedoslatrinidad.com\/?s={search_term_string}\"},\"query-input\":{\"@type\":\"PropertyValueSpecification\",\"valueRequired\":true,\"valueName\":\"search_term_string\"}}],\"inLanguage\":\"en-US\"},{\"@type\":\"Organization\",\"@id\":\"https:\/\/vinedoslatrinidad.com\/#organization\",\"name\":\"Vi\u00f1edos La Trinidad\",\"url\":\"https:\/\/vinedoslatrinidad.com\/\",\"logo\":{\"@type\":\"ImageObject\",\"inLanguage\":\"en-US\",\"@id\":\"https:\/\/vinedoslatrinidad.com\/#\/schema\/logo\/image\/\",\"url\":\"https:\/\/vinedoslatrinidad.com\/wp-content\/uploads\/2025\/10\/cropped-LogoVinedos.png\",\"contentUrl\":\"https:\/\/vinedoslatrinidad.com\/wp-content\/uploads\/2025\/10\/cropped-LogoVinedos.png\",\"width\":500,\"height\":500,\"caption\":\"Vi\u00f1edos La Trinidad\"},\"image\":{\"@id\":\"https:\/\/vinedoslatrinidad.com\/#\/schema\/logo\/image\/\"},\"sameAs\":[\"https:\/\/www.instagram.com\/vinedoslatrinidad\/?hl=es\"]}]}<\/script>\n<!-- \/ Yoast SEO plugin. -->","yoast_head_json":{"title":"Contacto - Vi\u00f1edos La Trinidad","description":"\u00bfTienes preguntas? \u00a1Cont\u00e1ctanos! Carretera CA-3102,km. 3,611407 Jerez de la Frontera C\u00e1diz - Espa\u00f1a - info@vinedoslatrinidad.com - 956185318","robots":{"index":"index","follow":"follow","max-snippet":"max-snippet:-1","max-image-preview":"max-image-preview:large","max-video-preview":"max-video-preview:-1"},"canonical":"https:\/\/vinedoslatrinidad.com\/en\/contacto\/","og_locale":"en_US","og_type":"article","og_title":"Contacto - Vi\u00f1edos La Trinidad","og_description":"\u00bfTienes preguntas? \u00a1Cont\u00e1ctanos! Carretera CA-3102,km. 3,611407 Jerez de la Frontera C\u00e1diz - Espa\u00f1a - info@vinedoslatrinidad.com - 956185318","og_url":"https:\/\/vinedoslatrinidad.com\/en\/contacto\/","og_site_name":"Vi\u00f1edos La Trinidad","article_modified_time":"2026-02-23T08:24:07+00:00","og_image":[{"width":1920,"height":1920,"url":"https:\/\/vinedoslatrinidad.com\/wp-content\/uploads\/2021\/11\/image-133-copyright.jpg","type":"image\/jpeg"}],"twitter_card":"summary_large_image","twitter_misc":{"Est. reading time":"1 minute"},"schema":{"@context":"https:\/\/schema.org","@graph":[{"@type":"WebPage","@id":"https:\/\/vinedoslatrinidad.com\/contacto\/","url":"https:\/\/vinedoslatrinidad.com\/contacto\/","name":"Contacto - Vi\u00f1edos La Trinidad","isPartOf":{"@id":"https:\/\/vinedoslatrinidad.com\/#website"},"primaryImageOfPage":{"@id":"https:\/\/vinedoslatrinidad.com\/contacto\/#primaryimage"},"image":{"@id":"https:\/\/vinedoslatrinidad.com\/contacto\/#primaryimage"},"thumbnailUrl":"https:\/\/vinedoslatrinidad.com\/wp-content\/uploads\/2021\/11\/image-133-copyright.jpg","datePublished":"2020-04-30T11:12:41+00:00","dateModified":"2026-02-23T08:24:07+00:00","description":"\u00bfTienes preguntas? \u00a1Cont\u00e1ctanos! Carretera CA-3102,km. 3,611407 Jerez de la Frontera C\u00e1diz - Espa\u00f1a - info@vinedoslatrinidad.com - 956185318","breadcrumb":{"@id":"https:\/\/vinedoslatrinidad.com\/contacto\/#breadcrumb"},"inLanguage":"en-US","potentialAction":[{"@type":"ReadAction","target":["https:\/\/vinedoslatrinidad.com\/contacto\/"]}]},{"@type":"ImageObject","inLanguage":"en-US","@id":"https:\/\/vinedoslatrinidad.com\/contacto\/#primaryimage","url":"https:\/\/vinedoslatrinidad.com\/wp-content\/uploads\/2021\/11\/image-133-copyright.jpg","contentUrl":"https:\/\/vinedoslatrinidad.com\/wp-content\/uploads\/2021\/11\/image-133-copyright.jpg","width":1920,"height":1920},{"@type":"BreadcrumbList","@id":"https:\/\/vinedoslatrinidad.com\/contacto\/#breadcrumb","itemListElement":[{"@type":"ListItem","position":1,"name":"Portada","item":"https:\/\/vinedoslatrinidad.com\/"},{"@type":"ListItem","position":2,"name":"Contacto"}]},{"@type":"WebSite","@id":"https:\/\/vinedoslatrinidad.com\/#website","url":"https:\/\/vinedoslatrinidad.com\/","name":"Vi\u00f1edos La Trinidad","description":"","publisher":{"@id":"https:\/\/vinedoslatrinidad.com\/#organization"},"potentialAction":[{"@type":"SearchAction","target":{"@type":"EntryPoint","urlTemplate":"https:\/\/vinedoslatrinidad.com\/?s={search_term_string}"},"query-input":{"@type":"PropertyValueSpecification","valueRequired":true,"valueName":"search_term_string"}}],"inLanguage":"en-US"},{"@type":"Organization","@id":"https:\/\/vinedoslatrinidad.com\/#organization","name":"Vi\u00f1edos La Trinidad","url":"https:\/\/vinedoslatrinidad.com\/","logo":{"@type":"ImageObject","inLanguage":"en-US","@id":"https:\/\/vinedoslatrinidad.com\/#\/schema\/logo\/image\/","url":"https:\/\/vinedoslatrinidad.com\/wp-content\/uploads\/2025\/10\/cropped-LogoVinedos.png","contentUrl":"https:\/\/vinedoslatrinidad.com\/wp-content\/uploads\/2025\/10\/cropped-LogoVinedos.png","width":500,"height":500,"caption":"Vi\u00f1edos La Trinidad"},"image":{"@id":"https:\/\/vinedoslatrinidad.com\/#\/schema\/logo\/image\/"},"sameAs":["https:\/\/www.instagram.com\/vinedoslatrinidad\/?hl=es"]}]}},"_links":{"self":[{"href":"http:\/\/vinedoslatrinidad.com\/en\/wp-json\/wp\/v2\/pages\/1453","targetHints":{"allow":["GET"]}}],"collection":[{"href":"http:\/\/vinedoslatrinidad.com\/en\/wp-json\/wp\/v2\/pages"}],"about":[{"href":"http:\/\/vinedoslatrinidad.com\/en\/wp-json\/wp\/v2\/types\/page"}],"author":[{"embeddable":true,"href":"http:\/\/vinedoslatrinidad.com\/en\/wp-json\/wp\/v2\/users\/1"}],"replies":[{"embeddable":true,"href":"http:\/\/vinedoslatrinidad.com\/en\/wp-json\/wp\/v2\/comments?post=1453"}],"version-history":[{"count":47,"href":"http:\/\/vinedoslatrinidad.com\/en\/wp-json\/wp\/v2\/pages\/1453\/revisions"}],"predecessor-version":[{"id":24276,"href":"http:\/\/vinedoslatrinidad.com\/en\/wp-json\/wp\/v2\/pages\/1453\/revisions\/24276"}],"wp:featuredmedia":[{"embeddable":true,"href":"http:\/\/vinedoslatrinidad.com\/en\/wp-json\/wp\/v2\/media\/21320"}],"wp:attachment":[{"href":"http:\/\/vinedoslatrinidad.com\/en\/wp-json\/wp\/v2\/media?parent=1453"}],"curies":[{"name":"wp","href":"https:\/\/api.w.org\/{rel}","templated":true}]}}